{"id":10369,"date":"2024-01-15T18:24:09","date_gmt":"2024-01-15T17:24:09","guid":{"rendered":"https:\/\/barista.qodeinteractive.com\/?page_id=10369"},"modified":"2024-10-05T18:56:05","modified_gmt":"2024-10-05T17:56:05","slug":"kontakt-2","status":"publish","type":"page","link":"https:\/\/cafe-elise-schillingsfuerst.info\/index.php\/kontakt-2\/","title":{"rendered":"Kontakt"},"content":{"rendered":"<p>[vc_row content_width=&#8220;grid&#8220; css=&#8220;.vc_custom_1484819183380{padding-top: 114px !important;}&#8220;][vc_column offset=&#8220;vc_col-lg-6 vc_col-md-12 vc_col-xs-12&#8243;]<div class=\"edgtf-elements-holder edgtf-responsive-mode-768\" ><div class=\"edgtf-elements-holder-item \" data-item-class=\"edgtf-elements-holder-custom-886179\" data-480=\"0 4% 0 0\" >\n\t\t<div class=\"edgtf-elements-holder-item-inner\">\n\t\t<div class=\"edgtf-elements-holder-item-content edgtf-elements-holder-custom-886179\" style=\"padding: 0 0 0 0\">\n\t\t\t[vc_column_text]<\/p>\n<h2>Schreiben Sie uns<\/h2>\n<p>[\/vc_column_text][vc_empty_space height=&#8220;20px&#8220;]<div class=\"edgtf-separator-holder clearfix  edgtf-separator-left\">\n\t<div class=\"edgtf-separator\" style=\"width: 120px;border-bottom-width: 3px\"><\/div>\n<\/div>\n[vc_empty_space height=&#8220;15px&#8220;][vc_column_text]Wir freuen uns \u00fcber Anfragen, Hinweise und Meinungen. Schreiben Sie uns, wir schreiben zur\u00fcck.[\/vc_column_text]\t\t<\/div>\n\t<\/div>\n\t<\/div><\/div>[vc_empty_space height=&#8220;40px&#8220;]\n<div class=\"wpcf7 no-js\" id=\"wpcf7-f7671-o1\" lang=\"en-US\" dir=\"ltr\" data-wpcf7-id=\"7671\">\n<div class=\"screen-reader-response\"><p role=\"status\" aria-live=\"polite\" aria-atomic=\"true\"><\/p> <ul><\/ul><\/div>\n<form action=\"\/index.php\/wp-json\/wp\/v2\/pages\/10369#wpcf7-f7671-o1\" method=\"post\" class=\"wpcf7-form init\" aria-label=\"Contact form\" novalidate=\"novalidate\" data-status=\"init\">\n<fieldset class=\"hidden-fields-container\"><input type=\"hidden\" name=\"_wpcf7\" value=\"7671\" \/><input type=\"hidden\" name=\"_wpcf7_version\" value=\"6.1.1\" \/><input type=\"hidden\" name=\"_wpcf7_locale\" value=\"en_US\" \/><input type=\"hidden\" name=\"_wpcf7_unit_tag\" value=\"wpcf7-f7671-o1\" \/><input type=\"hidden\" name=\"_wpcf7_container_post\" value=\"0\" \/><input type=\"hidden\" name=\"_wpcf7_posted_data_hash\" value=\"\" \/>\n<\/fieldset>\n<span class=\"wpcf7-form-control-wrap\" data-name=\"Name\"><input size=\"40\" maxlength=\"400\" class=\"wpcf7-form-control wpcf7-text wpcf7-validates-as-required\" aria-required=\"true\" aria-invalid=\"false\" placeholder=\"Name*\" value=\"\" type=\"text\" name=\"Name\" \/><\/span>\n<span class=\"wpcf7-form-control-wrap\" data-name=\"Rufnummer\"><input size=\"40\" maxlength=\"400\" class=\"wpcf7-form-control wpcf7-tel wpcf7-text wpcf7-validates-as-tel\" aria-invalid=\"false\" placeholder=\"Rufnummer\" value=\"\" type=\"tel\" name=\"Rufnummer\" \/><\/span>\n<span class=\"wpcf7-form-control-wrap\" data-name=\"E-Mail\"><input size=\"40\" maxlength=\"400\" class=\"wpcf7-form-control wpcf7-email wpcf7-validates-as-required wpcf7-text wpcf7-validates-as-email\" aria-required=\"true\" aria-invalid=\"false\" placeholder=\"eMail*\" value=\"\" type=\"email\" name=\"E-Mail\" \/><\/span>\n<span class=\"wpcf7-form-control-wrap\" data-name=\"IhreNachricht\"><textarea cols=\"40\" rows=\"10\" maxlength=\"2000\" class=\"wpcf7-form-control wpcf7-textarea wpcf7-validates-as-required\" aria-required=\"true\" aria-invalid=\"false\" placeholder=\"Ihre Nachricht*\" name=\"IhreNachricht\"><\/textarea><\/span>\n<div><input class=\"wpcf7-form-control wpcf7-submit has-spinner\" type=\"submit\" value=\"Senden\" \/><\/div><p style=\"display: none !important;\"><label>&#916;<textarea name=\"_wpcf7_ak_hp_textarea\" cols=\"45\" rows=\"8\" maxlength=\"100\"><\/textarea><\/label><input type=\"hidden\" id=\"ak_js_1\" name=\"_wpcf7_ak_js\" value=\"20\"\/><script>document.getElementById( \"ak_js_1\" ).setAttribute( \"value\", ( new Date() ).getTime() );<\/script><\/p><div class=\"wpcf7-response-output\" aria-hidden=\"true\"><\/div>\n<\/form>\n<\/div>\n[\/vc_column][vc_column offset=&#8220;vc_col-lg-6 vc_col-md-12 vc_col-xs-12&#8243;]<div class=\"edgtf-elements-holder edgtf-responsive-mode-768\" ><div class=\"edgtf-elements-holder-item \" data-item-class=\"edgtf-elements-holder-custom-285434\" >\n\t\t<div class=\"edgtf-elements-holder-item-inner\">\n\t\t<div class=\"edgtf-elements-holder-item-content edgtf-elements-holder-custom-285434\" style=\"padding: 0 0 0 0\">\n\t\t\t[vc_column_text]<\/p>\n<h2>Anfahrt<\/h2>\n<p>[\/vc_column_text][vc_empty_space height=&#8220;20px&#8220;]<div class=\"edgtf-separator-holder clearfix  edgtf-separator-left\">\n\t<div class=\"edgtf-separator\" style=\"width: 120px;border-bottom-width: 3px\"><\/div>\n<\/div>\n[vc_empty_space height=&#8220;15px&#8220;][vc_column_text]<strong>Anfahrt<\/strong><br \/>\nSchillingsf\u00fcrst liegt im westlichen Teil des Landkreises Ansbach.In unmittelbarer N\u00e4he liegen die St\u00e4dte Rothenburg o.d.T., Feuchtwangen und Crailsheim.<br \/>\nDie Entfernungen zu den Ballungsgebieten betragen:<\/p>\n<ul>\n<li>nach N\u00fcrnberg 80 km<\/li>\n<li>nach Stuttgart 120 km<\/li>\n<li>nach W\u00fcrzburg 60 km<\/li>\n<\/ul>\n<p><strong>Verkehrsanbindung:<\/strong><\/p>\n<ul>\n<li>Anschluss an die A7, Ausfahrt W\u00f6rnitz und an die A 6, Ausfahrt Feuchtwangen Nord<\/li>\n<li>Staatsstra\u00dfe 2419 (Uffenheim \u2013 Rothenburg o.d.T. \u2013 Dinkelsb\u00fchl \u2013 Donauw\u00f6rth)<\/li>\n<li>Staatsstra\u00dfe 2246 (Schillingsf\u00fcrst \u2013 Ansbach)<\/li>\n<li>Staatsstra\u00dfe 2247 (Michelbach an der L\u00fccke \u2013 Wettringen \u2013 Diebach \u2013 Schillingsf\u00fcrst)<\/li>\n<li>Kreisstra\u00dfe AN 33 (Diebach \u2013 Bockenfeld \u2013 Gebsattel \u2013 Rothenburg o.d.T.)<\/li>\n<\/ul>\n<p>[\/vc_column_text]\t\t<\/div>\n\t<\/div>\n\t<\/div><\/div>[vc_empty_space height=&#8220;40px&#8220;]<div class=\"edgtf-iwt clearfix edgtf-iwt-icon-left edgtf-iwt-icon-tiny\">\n    <div class=\"edgtf-iwt-icon-holder\">\n                    \n    <span class=\"edgtf-icon-shortcode normal\"  data-color=\"#c7a17a\">\n        \n        <span aria-hidden=\"true\" class=\"edgtf-icon-font-elegant icon_pin edgtf-icon-element\" style=\"color: #c7a17a;font-size:25px\" ><\/span>\n            <\/span>\n\n            <\/div>\n    <div class=\"edgtf-iwt-content-holder\" >\n        <div class=\"edgtf-iwt-title-holder\">\n            <h4 >Anschrift<\/h4>\n        <\/div>\n        <div class=\"edgtf-iwt-text-holder\">\n            <p >Emil-Helmschmidt-Str. 2<br \/>\n91583 Schillingsf\u00fcrst<br \/>\nDeutschland<\/p>\n\n                    <\/div>\n    <\/div>\n<\/div>[vc_empty_space height=&#8220;40px&#8220;]<div class=\"edgtf-iwt clearfix edgtf-iwt-icon-left edgtf-iwt-icon-tiny\">\n    <div class=\"edgtf-iwt-icon-holder\">\n                    \n    <span class=\"edgtf-icon-shortcode normal\"  data-color=\"#c7a17a\">\n        \n        <i class=\"edgtf-icon-linear-icon lnr lnr-phone-handset edgtf-icon-element\" style=\"color: #c7a17a;font-size:25px\" ><\/i>\n            <\/span>\n\n            <\/div>\n    <div class=\"edgtf-iwt-content-holder\" >\n        <div class=\"edgtf-iwt-title-holder\">\n            <h4 >Telefon und Fax<\/h4>\n        <\/div>\n        <div class=\"edgtf-iwt-text-holder\">\n            <p >Telefon: 0 98 68 98 93 - 466<br \/>\nFax: 0 98 68 98 93 - 355<\/p>\n\n                    <\/div>\n    <\/div>\n<\/div>[vc_empty_space height=&#8220;40px&#8220;]<div class=\"edgtf-iwt clearfix edgtf-iwt-icon-left edgtf-iwt-icon-tiny\">\n    <div class=\"edgtf-iwt-icon-holder\">\n                    \n    <span class=\"edgtf-icon-shortcode normal\"  data-color=\"#c7a17a\">\n        \n        <i class=\"edgtf-icon-linear-icon lnr lnr-envelope edgtf-icon-element\" style=\"color: #c7a17a;font-size:25px\" ><\/i>\n            <\/span>\n\n            <\/div>\n    <div class=\"edgtf-iwt-content-holder\" >\n        <div class=\"edgtf-iwt-title-holder\">\n            <h4 >Email<\/h4>\n        <\/div>\n        <div class=\"edgtf-iwt-text-holder\">\n            <p >info@cafe-elise-schillingsfuerst.info<\/p>\n\n                    <\/div>\n    <\/div>\n<\/div>[vc_empty_space height=&#8220;40px&#8220;][\/vc_column][\/vc_row][vc_row content_width=&#8220;grid&#8220; css=&#8220;.vc_custom_1485351530724{padding-top: 20px !important;padding-bottom: 80px !important;}&#8220;][vc_column offset=&#8220;vc_col-lg-6 vc_col-md-12 vc_col-xs-12&#8243;][vc_empty_space][\/vc_column][vc_column offset=&#8220;vc_col-lg-6 vc_col-md-12 vc_col-xs-12&#8243;][vc_empty_space height=&#8220;40px&#8220;][\/vc_column][\/vc_row][vc_row][vc_column]<div class=\"edgtf-google-map-holder\">\n\t<div class=\"edgtf-google-map\" id=\"edgtf-map-2902676\" data-addresses='[\"198 West 21th Street, Suite 721 New York, NY 10010\"]' data-custom-map-style=true data-color-overlay=#393939 data-saturation=-98 data-lightness=0 data-zoom=15 data-pin=https:\/\/cafe-elise-schillingsfuerst.info\/wp-content\/uploads\/2017\/01\/Pin.png data-unique-id=2902676 data-scroll-wheel=false data-height=430px><\/div>\n\t\t\t<div class=\"edgtf-google-map-overlay\"><\/div>\n\t<\/div>\n[\/vc_column][\/vc_row]<\/p>\n","protected":false},"excerpt":{"rendered":"<p>[vc_row content_width=&#8220;grid&#8220; css=&#8220;.vc_custom_1484819183380{padding-top: 114px !important;}&#8220;][vc_column offset=&#8220;vc_col-lg-6 vc_col-md-12 vc_col-xs-12&#8243;][vc_empty_space height=&#8220;40px&#8220;][\/vc_column][vc_column offset=&#8220;vc_col-lg-6 vc_col-md-12 vc_col-xs-12&#8243;][vc_empty_space height=&#8220;40px&#8220;][vc_empty_space height=&#8220;40px&#8220;][vc_empty_space height=&#8220;40px&#8220;][vc_empty_space height=&#8220;40px&#8220;][\/vc_column][\/vc_row][vc_row content_width=&#8220;grid&#8220; css=&#8220;.vc_custom_1485351530724{padding-top: 20px !important;padding-bottom: 80px !important;}&#8220;][vc_column offset=&#8220;vc_col-lg-6 vc_col-md-12 vc_col-xs-12&#8243;][vc_empty_space][\/vc_column][vc_column offset=&#8220;vc_col-lg-6 vc_col-md-12 vc_col-xs-12&#8243;][vc_empty_space height=&#8220;40px&#8220;][\/vc_column][\/vc_row][vc_row][vc_column][\/vc_column][\/vc_row]<\/p>\n","protected":false},"author":1,"featured_media":0,"parent":0,"menu_order":0,"comment_status":"closed","ping_status":"closed","template":"full-width.php","meta":{"footnotes":""},"class_list":["post-10369","page","type-page","status-publish","hentry"],"_links":{"self":[{"href":"https:\/\/cafe-elise-schillingsfuerst.info\/index.php\/wp-json\/wp\/v2\/pages\/10369","targetHints":{"allow":["GET"]}}],"collection":[{"href":"https:\/\/cafe-elise-schillingsfuerst.info\/index.php\/wp-json\/wp\/v2\/pages"}],"about":[{"href":"https:\/\/cafe-elise-schillingsfuerst.info\/index.php\/wp-json\/wp\/v2\/types\/page"}],"author":[{"embeddable":true,"href":"https:\/\/cafe-elise-schillingsfuerst.info\/index.php\/wp-json\/wp\/v2\/users\/1"}],"replies":[{"embeddable":true,"href":"https:\/\/cafe-elise-schillingsfuerst.info\/index.php\/wp-json\/wp\/v2\/comments?post=10369"}],"version-history":[{"count":10,"href":"https:\/\/cafe-elise-schillingsfuerst.info\/index.php\/wp-json\/wp\/v2\/pages\/10369\/revisions"}],"predecessor-version":[{"id":14833,"href":"https:\/\/cafe-elise-schillingsfuerst.info\/index.php\/wp-json\/wp\/v2\/pages\/10369\/revisions\/14833"}],"wp:attachment":[{"href":"https:\/\/cafe-elise-schillingsfuerst.info\/index.php\/wp-json\/wp\/v2\/media?parent=10369"}],"curies":[{"name":"wp","href":"https:\/\/api.w.org\/{rel}","templated":true}]}}