{"id":10291,"date":"2024-01-15T18:24:09","date_gmt":"2024-01-15T17:24:09","guid":{"rendered":"https:\/\/barista.qodeinteractive.com\/?page_id=10291"},"modified":"2025-06-06T15:00:54","modified_gmt":"2025-06-06T14:00:54","slug":"impressum","status":"publish","type":"page","link":"https:\/\/cafe-elise-schillingsfuerst.info\/index.php\/impressum\/","title":{"rendered":"Impressum"},"content":{"rendered":"<p>[vc_row content_width=&#8220;grid&#8220; content_aligment=&#8220;center&#8220; css=&#8220;.vc_custom_1485789604903{padding-top: 85px !important;padding-bottom: 70px !important;}&#8220;][vc_column]\n<p class=\"edgtf-section-subtitle\" >\n\t<\/p>[vc_empty_space height=&#8220;20px&#8220;][vc_column_text]<\/p>\n<h2>Impressum<\/h2>\n<p>[\/vc_column_text][\/vc_column][\/vc_row][vc_row content_width=&#8220;grid&#8220; content_aligment=&#8220;center&#8220; css=&#8220;.vc_custom_1486570610730{padding-top: 85px !important;padding-bottom: 80px !important;background-image: url(https:\/\/barista.qodeinteractive.com\/wp-content\/uploads\/2017\/01\/home-6-parallax-1.jpg?id=10871) !important;}&#8220;][vc_column]\n<p class=\"edgtf-section-subtitle\" >\n\tWhat Happens Here<\/p>[vc_empty_space height=&#8220;20px&#8220;][vc_column_text]<\/p>\n<section class=\"elementor-section elementor-top-section elementor-element elementor-element-2ed91d9 elementor-section-boxed elementor-section-height-default elementor-section-height-default\" data-id=\"2ed91d9\" data-element_type=\"section\">\n<div class=\"elementor-container elementor-column-gap-default\">\n<div class=\"elementor-column elementor-col-100 elementor-top-column elementor-element elementor-element-0c63a5e\" data-id=\"0c63a5e\" data-element_type=\"column\">\n<div class=\"elementor-widget-wrap elementor-element-populated\">\n<div class=\"elementor-element elementor-element-b71b4fc elementor-widget elementor-widget-heading\" data-id=\"b71b4fc\" data-element_type=\"widget\" data-widget_type=\"heading.default\">\n<div class=\"elementor-widget-container\">\n<h2 class=\"elementor-heading-title elementor-size-default\">Anbieter<\/h2>\n<\/div>\n<\/div>\n<div class=\"elementor-element elementor-element-aa74a76 elementor-widget elementor-widget-text-editor\" data-id=\"aa74a76\" data-element_type=\"widget\" data-widget_type=\"text-editor.default\">\n<div class=\"elementor-widget-container\">\n<p>Seniorenwohn- und Pflegeheim Elisenstift<br \/>\nInstitutionskennzeichnung: 510 951 580<br \/>\nHeimleitung: Ursula Kefer<\/p>\n<p>Emil-Helmschmidt Str. 2<br \/>\n91583 Schillingsf\u00fcrst<br \/>\nTelefon: 09868 \u2013 9893-0<br \/>\nFax: 09868 \u2013 9893-355<\/p>\n<p>E-Mail:\u00a0<a href=\"mailto:mail@elisenstift.info\">mail@elisenstift.info<\/a><br \/>\nInternet:\u00a0<a href=\"http:\/\/www.elisenstift.info\/\" target=\"_blank\" rel=\"noopener\">www.elisenstift.info<\/a><\/p>\n<\/div>\n<\/div>\n<\/div>\n<\/div>\n<\/div>\n<\/section>\n<section class=\"elementor-section elementor-top-section elementor-element elementor-element-3874cd3 elementor-section-boxed elementor-section-height-default elementor-section-height-default\" data-id=\"3874cd3\" data-element_type=\"section\">\n<div class=\"elementor-container elementor-column-gap-default\">\n<div class=\"elementor-column elementor-col-100 elementor-top-column elementor-element elementor-element-cfb7a34\" data-id=\"cfb7a34\" data-element_type=\"column\">\n<div class=\"elementor-widget-wrap elementor-element-populated\">\n<div class=\"elementor-element elementor-element-79049e7 elementor-widget elementor-widget-heading\" data-id=\"79049e7\" data-element_type=\"widget\" data-widget_type=\"heading.default\">\n<div class=\"elementor-widget-container\">\n<h2 class=\"elementor-heading-title elementor-size-default\">Verantwortlich<\/h2>\n<\/div>\n<\/div>\n<div class=\"elementor-element elementor-element-0820513 elementor-widget elementor-widget-text-editor\" data-id=\"0820513\" data-element_type=\"widget\" data-widget_type=\"text-editor.default\">\n<div class=\"elementor-widget-container\">\n<p>Ursula Kefer \/ Heimleitung<br \/>\nEmil-Helmschmidt Str. 2<br \/>\n91583 Schillingsf\u00fcrst<br \/>\nTelefon: 09868 \u2013 9893-0<br \/>\nFax: 09868 \u2013 9893-355<\/p>\n<p>E-Mail: <a href=\"mailto:mail@elisenstift.info\">mail@elisenstift.info<\/a><\/p>\n<\/div>\n<\/div>\n<\/div>\n<\/div>\n<\/div>\n<\/section>\n<section class=\"elementor-section elementor-top-section elementor-element elementor-element-81d93e4 elementor-section-boxed elementor-section-height-default elementor-section-height-default\" data-id=\"81d93e4\" data-element_type=\"section\">\n<div class=\"elementor-container elementor-column-gap-default\">\n<div class=\"elementor-column elementor-col-100 elementor-top-column elementor-element elementor-element-da7a954\" data-id=\"da7a954\" data-element_type=\"column\">\n<div class=\"elementor-widget-wrap elementor-element-populated\">\n<div class=\"elementor-element elementor-element-7f1fe31 elementor-widget elementor-widget-heading\" data-id=\"7f1fe31\" data-element_type=\"widget\" data-widget_type=\"heading.default\">\n<div class=\"elementor-widget-container\">\n<h2><\/h2>\n<h2 class=\"elementor-heading-title elementor-size-default\">Gestaltung:<\/h2>\n<\/div>\n<\/div>\n<div class=\"elementor-element elementor-element-0368f28 elementor-widget elementor-widget-text-editor\" data-id=\"0368f28\" data-element_type=\"widget\" data-widget_type=\"text-editor.default\">\n<div class=\"elementor-widget-container\">\n<p>M-Communications<br \/>\nFrankfurter Str. 24<br \/>\n64293 Darmstadt<\/p>\n<p><a href=\"http:\/\/www.m-communications.de\/\" target=\"_blank\" rel=\"noopener\">www.m-communications.de<\/a><\/p>\n<\/div>\n<\/div>\n<\/div>\n<\/div>\n<\/div>\n<\/section>\n<section class=\"elementor-section elementor-top-section elementor-element elementor-element-010770a elementor-section-boxed elementor-section-height-default elementor-section-height-default\" data-id=\"010770a\" data-element_type=\"section\">\n<div class=\"elementor-container elementor-column-gap-default\">\n<div class=\"elementor-column elementor-col-100 elementor-top-column elementor-element elementor-element-9e58526\" data-id=\"9e58526\" data-element_type=\"column\">\n<div class=\"elementor-widget-wrap elementor-element-populated\">\n<div class=\"elementor-element elementor-element-10024ad elementor-widget elementor-widget-heading\" data-id=\"10024ad\" data-element_type=\"widget\" data-widget_type=\"heading.default\">\n<div class=\"elementor-widget-container\">\n<h2><\/h2>\n<h2 class=\"elementor-heading-title elementor-size-default\">Technische Realisation &amp; Content Management System:<\/h2>\n<\/div>\n<\/div>\n<div class=\"elementor-element elementor-element-39583fb elementor-widget elementor-widget-text-editor\" data-id=\"39583fb\" data-element_type=\"widget\" data-widget_type=\"text-editor.default\">\n<div class=\"elementor-widget-container\">\n<p>M-Communications<br \/>\nFrankfurter Str. 24<br \/>\n64293 Darmstadt<\/p>\n<p><a href=\"http:\/\/www.m-communications.de\/\" target=\"_blank\" rel=\"noopener\">www.m-communications.de<\/a><\/p>\n<\/div>\n<\/div>\n<\/div>\n<\/div>\n<\/div>\n<\/section>\n<section class=\"elementor-section elementor-top-section elementor-element elementor-element-8b03efe elementor-section-boxed elementor-section-height-default elementor-section-height-default\" data-id=\"8b03efe\" data-element_type=\"section\">\n<div class=\"elementor-container elementor-column-gap-default\">\n<div class=\"elementor-column elementor-col-100 elementor-top-column elementor-element elementor-element-55575df\" data-id=\"55575df\" data-element_type=\"column\">\n<div class=\"elementor-widget-wrap elementor-element-populated\">\n<div class=\"elementor-element elementor-element-c19e136 elementor-widget elementor-widget-heading\" data-id=\"c19e136\" data-element_type=\"widget\" data-widget_type=\"heading.default\">\n<div class=\"elementor-widget-container\">\n<h2><\/h2>\n<h2 class=\"elementor-heading-title elementor-size-default\">Haftung:<\/h2>\n<\/div>\n<\/div>\n<div class=\"elementor-element elementor-element-931ecc5 elementor-widget elementor-widget-text-editor\" data-id=\"931ecc5\" data-element_type=\"widget\" data-widget_type=\"text-editor.default\">\n<div class=\"elementor-widget-container\">\n<p>Die Inhalte externer Links werden von uns nicht gepr\u00fcft. Sie unterliegen der Haftung der jeweiligen Anbieter.<br \/>\nWir \u00fcbernehmen keinerlei Verantwortung f\u00fcr den Inhalt.<\/p>\n<\/div>\n<\/div>\n<\/div>\n<\/div>\n<\/div>\n<\/section>\n<section class=\"elementor-section elementor-top-section elementor-element elementor-element-46fc78f elementor-section-boxed elementor-section-height-default elementor-section-height-default\" data-id=\"46fc78f\" data-element_type=\"section\">\n<div class=\"elementor-container elementor-column-gap-default\">\n<div class=\"elementor-column elementor-col-100 elementor-top-column elementor-element elementor-element-f178cc7\" data-id=\"f178cc7\" data-element_type=\"column\">\n<div class=\"elementor-widget-wrap elementor-element-populated\">\n<div class=\"elementor-element elementor-element-2feb111 elementor-widget elementor-widget-heading\" data-id=\"2feb111\" data-element_type=\"widget\" data-widget_type=\"heading.default\">\n<div class=\"elementor-widget-container\">\n<h2><\/h2>\n<h2 class=\"elementor-heading-title elementor-size-default\">Urheberrechtshinweise:<\/h2>\n<\/div>\n<\/div>\n<div class=\"elementor-element elementor-element-67f0c3b elementor-widget elementor-widget-text-editor\" data-id=\"67f0c3b\" data-element_type=\"widget\" data-widget_type=\"text-editor.default\">\n<div class=\"elementor-widget-container\">\n<div class=\"col-md-9\" role=\"main\">\n<div id=\"c1503\">\n<p>Alle auf dieser Website ver\u00f6ffentlichten Inhalte und Abbildungen sind urheberrechtlich gesch\u00fctzt.<br \/>\nJede vom Urheberrechtsgesetz nicht zugelassene Verwertung bedarf unserer vorheriger und schriftlicher Zustimmung.<br \/>\nDies gilt insbesondere f\u00fcr Vervielf\u00e4ltigung, Bearbeitung, \u00dcbersetzung, Einspeicherung, Verarbeitung bzw. Wiedergabe von Inhalten in Datenbanken oder anderen elektronischen Medien und Systemen.<\/p>\n<\/div>\n<\/div>\n<\/div>\n<\/div>\n<\/div>\n<\/div>\n<\/div>\n<\/section>\n<p>[\/vc_column_text][vc_empty_space height=&#8220;60px&#8220; el_class=&#8220;80px&#8220;][\/vc_column][\/vc_row]<\/p>\n","protected":false},"excerpt":{"rendered":"<p>[vc_row content_width=&#8220;grid&#8220; content_aligment=&#8220;center&#8220; css=&#8220;.vc_custom_1485789604903{padding-top: 85px !important;padding-bottom: 70px !important;}&#8220;][vc_column][vc_empty_space height=&#8220;20px&#8220;][vc_column_text] Impressum [\/vc_column_text][\/vc_column][\/vc_row][vc_row content_width=&#8220;grid&#8220; content_aligment=&#8220;center&#8220; css=&#8220;.vc_custom_1486570610730{padding-top: 85px !important;padding-bottom: 80px !important;background-image: url(https:\/\/barista.qodeinteractive.com\/wp-content\/uploads\/2017\/01\/home-6-parallax-1.jpg?id=10871) !important;}&#8220;][vc_column][vc_empty_space height=&#8220;20px&#8220;][vc_column_text] Anbieter Seniorenwohn- und Pflegeheim Elisenstift Institutionskennzeichnung: 510 951 580&#8230;<\/p>\n","protected":false},"author":1,"featured_media":0,"parent":0,"menu_order":0,"comment_status":"closed","ping_status":"closed","template":"","meta":{"footnotes":""},"class_list":["post-10291","page","type-page","status-publish","hentry"],"_links":{"self":[{"href":"https:\/\/cafe-elise-schillingsfuerst.info\/index.php\/wp-json\/wp\/v2\/pages\/10291","targetHints":{"allow":["GET"]}}],"collection":[{"href":"https:\/\/cafe-elise-schillingsfuerst.info\/index.php\/wp-json\/wp\/v2\/pages"}],"about":[{"href":"https:\/\/cafe-elise-schillingsfuerst.info\/index.php\/wp-json\/wp\/v2\/types\/page"}],"author":[{"embeddable":true,"href":"https:\/\/cafe-elise-schillingsfuerst.info\/index.php\/wp-json\/wp\/v2\/users\/1"}],"replies":[{"embeddable":true,"href":"https:\/\/cafe-elise-schillingsfuerst.info\/index.php\/wp-json\/wp\/v2\/comments?post=10291"}],"version-history":[{"count":8,"href":"https:\/\/cafe-elise-schillingsfuerst.info\/index.php\/wp-json\/wp\/v2\/pages\/10291\/revisions"}],"predecessor-version":[{"id":14831,"href":"https:\/\/cafe-elise-schillingsfuerst.info\/index.php\/wp-json\/wp\/v2\/pages\/10291\/revisions\/14831"}],"wp:attachment":[{"href":"https:\/\/cafe-elise-schillingsfuerst.info\/index.php\/wp-json\/wp\/v2\/media?parent=10291"}],"curies":[{"name":"wp","href":"https:\/\/api.w.org\/{rel}","templated":true}]}}